{"id":4,"date":"2016-10-21T10:29:19","date_gmt":"2016-10-21T08:29:19","guid":{"rendered":"http:\/\/lehotsky.eu\/?page_id=4"},"modified":"2017-10-26T06:31:43","modified_gmt":"2017-10-26T04:31:43","slug":"o-mne","status":"publish","type":"page","link":"https:\/\/lehotsky.eu\/","title":{"rendered":"o mne"},"content":{"rendered":"<p>[et_pb_section fb_built=&#8220;1&#8243; _builder_version=&#8220;3.0.73&#8243; background_image=&#8220;https:\/\/lehotsky.eu\/wp-content\/uploads\/2016\/10\/photo-1429032021766-c6a53949594f.jpg&#8220;][et_pb_row _builder_version=&#8220;3.0.73&#8243;][et_pb_column type=&#8220;4_4&#8243; _builder_version=&#8220;3.0.47&#8243; parallax=&#8220;off&#8220; parallax_method=&#8220;on&#8220;][et_pb_social_media_follow _builder_version=&#8220;3.0.73&#8243;][\/et_pb_social_media_follow][\/et_pb_column][\/et_pb_row][et_pb_row _builder_version=&#8220;3.0.73&#8243;][et_pb_column type=&#8220;4_4&#8243; _builder_version=&#8220;3.0.73&#8243; parallax=&#8220;off&#8220; parallax_method=&#8220;on&#8220;][et_pb_contact_form captcha=&#8220;off&#8220; email=&#8220;vrato@lehotsky.eu&#8220; submit_button_text=&#8220;odo\u0161li&#8220; form_background_color=&#8220;rgba(255,255,255,0.52)&#8220; _builder_version=&#8220;3.0.73&#8243; module_id=&#8220;et_pb_contact_form_0&#8243; custom_button=&#8220;on&#8220; button_font=&#8220;Open Sans||||&#8220; button_use_icon=&#8220;off&#8220;][et_pb_contact_field field_id=&#8220;Name&#8220; field_title=&#8220;Meno&#8220; _builder_version=&#8220;3.0.47&#8243; animation_style=&#8220;none&#8220; form_field_font_size=&#8220;20px&#8220;][\/et_pb_contact_field][et_pb_contact_field field_id=&#8220;Email&#8220; field_title=&#8220;E-mailov\u00e1 adresa&#8220; field_type=&#8220;email&#8220; _builder_version=&#8220;3.0.47&#8243; animation_style=&#8220;none&#8220; form_field_font_size=&#8220;20px&#8220;][\/et_pb_contact_field][et_pb_contact_field field_id=&#8220;Message&#8220; field_title=&#8220;E-mailov\u00e1 spr\u00e1va&#8220; field_type=&#8220;text&#8220; fullwidth_field=&#8220;on&#8220; _builder_version=&#8220;3.0.47&#8243; animation_style=&#8220;none&#8220; form_field_font_size=&#8220;20px&#8220;][\/et_pb_contact_field][\/et_pb_contact_form][\/et_pb_column][\/et_pb_row][\/et_pb_section]<\/p>\n","protected":false},"excerpt":{"rendered":"","protected":false},"author":1,"featured_media":0,"parent":0,"menu_order":0,"comment_status":"closed","ping_status":"closed","template":"","meta":{"_et_pb_use_builder":"on","_et_pb_old_content":"<p>Spravujem webstr\u00e1nky na Slovensku aj mimo Slovenska (Preva\u017ene USA). Spravujem a vytv\u00e1ram aj str\u00e1nky pre men\u0161ie firmy, osobn\u00e9 str\u00e1nky a pod. \u0160pecializujem sa na redak\u010dn\u00e9 syst\u00e9my WordPress, ktor\u00e9 si vie u\u017e\u00edvate\u013e spravova\u0165 aj s\u00e1m.<\/p><p>Prev\u00e1dzkujem e-shop infraobrazy.eu, na ktorom pon\u00fakam alternat\u00edvne vykurovanie s vyu\u017eit\u00edm infra\u010derven\u00fdch s\u00e1lav\u00fdch panelov, v spojen\u00ed s umeleckou fotografiou krajin\u00e1rskeho fotografa J\u00e1na Timka.<\/p><p>Pracujem s HTML, PHP, MySQL, JavaScript... Okrem toho m\u00e1m za sebou nieko\u013eko projektov zameran\u00fdch na SEO optimaliz\u00e1ciu, poradenstvo, grafiku...<\/p><p>Venujem sa aj renov\u00e1cii webov\u00fdch str\u00e1nok, ktor\u00e9 boli vytvoren\u00e9 pred nieko\u013ek\u00fdmi rokmi a potrebuj\u00fa modernej\u0161\u00ed vzh\u013ead. Na z\u00e1klade mnohoro\u010dn\u00fdch sk\u00fasenost\u00ed viem poradi\u0165 a pom\u00f4c\u0165 aj so zdanlivo nerie\u0161ite\u013en\u00fdmi probl\u00e9mami.<\/p>","_et_gb_content_width":"","_monsterinsights_skip_tracking":false,"_monsterinsights_sitenote_active":false,"_monsterinsights_sitenote_note":"","_monsterinsights_sitenote_category":0,"footnotes":""},"class_list":["post-4","page","type-page","status-publish","hentry"],"yoast_head":"<!-- This site is optimized with the Yoast SEO plugin v26.0 - https:\/\/yoast.com\/wordpress\/plugins\/seo\/ -->\n<title>o mne - lehotsky.eu<\/title>\n<meta name=\"robots\" content=\"index, follow, max-snippet:-1, max-image-preview:large, max-video-preview:-1\" \/>\n<link rel=\"canonical\" href=\"https:\/\/lehotsky.eu\/\" \/>\n<meta property=\"og:locale\" content=\"sk_SK\" \/>\n<meta property=\"og:type\" content=\"article\" \/>\n<meta property=\"og:title\" content=\"o mne - lehotsky.eu\" \/>\n<meta property=\"og:url\" content=\"https:\/\/lehotsky.eu\/\" \/>\n<meta property=\"og:site_name\" content=\"lehotsky.eu\" \/>\n<meta property=\"article:modified_time\" content=\"2017-10-26T04:31:43+00:00\" \/>\n<meta name=\"twitter:card\" content=\"summary_large_image\" \/>\n<meta name=\"twitter:label1\" content=\"Predpokladan\u00fd \u010das \u010d\u00edtania\" \/>\n\t<meta name=\"twitter:data1\" content=\"1 min\u00fata\" \/>\n<script type=\"application\/ld+json\" class=\"yoast-schema-graph\">{\"@context\":\"https:\/\/schema.org\",\"@graph\":[{\"@type\":\"WebPage\",\"@id\":\"https:\/\/lehotsky.eu\/\",\"url\":\"https:\/\/lehotsky.eu\/\",\"name\":\"o mne - lehotsky.eu\",\"isPartOf\":{\"@id\":\"https:\/\/lehotsky.eu\/#website\"},\"datePublished\":\"2016-10-21T08:29:19+00:00\",\"dateModified\":\"2017-10-26T04:31:43+00:00\",\"breadcrumb\":{\"@id\":\"https:\/\/lehotsky.eu\/#breadcrumb\"},\"inLanguage\":\"sk-SK\",\"potentialAction\":[{\"@type\":\"ReadAction\",\"target\":[\"https:\/\/lehotsky.eu\/\"]}]},{\"@type\":\"BreadcrumbList\",\"@id\":\"https:\/\/lehotsky.eu\/#breadcrumb\",\"itemListElement\":[{\"@type\":\"ListItem\",\"position\":1,\"name\":\"Domovsk\u00e1 str\u00e1nka\",\"item\":\"https:\/\/lehotsky.eu\/\"},{\"@type\":\"ListItem\",\"position\":2,\"name\":\"o mne\"}]},{\"@type\":\"WebSite\",\"@id\":\"https:\/\/lehotsky.eu\/#website\",\"url\":\"https:\/\/lehotsky.eu\/\",\"name\":\"lehotsky.eu\",\"description\":\" \",\"potentialAction\":[{\"@type\":\"SearchAction\",\"target\":{\"@type\":\"EntryPoint\",\"urlTemplate\":\"https:\/\/lehotsky.eu\/?s={search_term_string}\"},\"query-input\":{\"@type\":\"PropertyValueSpecification\",\"valueRequired\":true,\"valueName\":\"search_term_string\"}}],\"inLanguage\":\"sk-SK\"}]}<\/script>\n<!-- \/ Yoast SEO plugin. -->","yoast_head_json":{"title":"o mne - lehotsky.eu","robots":{"index":"index","follow":"follow","max-snippet":"max-snippet:-1","max-image-preview":"max-image-preview:large","max-video-preview":"max-video-preview:-1"},"canonical":"https:\/\/lehotsky.eu\/","og_locale":"sk_SK","og_type":"article","og_title":"o mne - lehotsky.eu","og_url":"https:\/\/lehotsky.eu\/","og_site_name":"lehotsky.eu","article_modified_time":"2017-10-26T04:31:43+00:00","twitter_card":"summary_large_image","twitter_misc":{"Predpokladan\u00fd \u010das \u010d\u00edtania":"1 min\u00fata"},"schema":{"@context":"https:\/\/schema.org","@graph":[{"@type":"WebPage","@id":"https:\/\/lehotsky.eu\/","url":"https:\/\/lehotsky.eu\/","name":"o mne - lehotsky.eu","isPartOf":{"@id":"https:\/\/lehotsky.eu\/#website"},"datePublished":"2016-10-21T08:29:19+00:00","dateModified":"2017-10-26T04:31:43+00:00","breadcrumb":{"@id":"https:\/\/lehotsky.eu\/#breadcrumb"},"inLanguage":"sk-SK","potentialAction":[{"@type":"ReadAction","target":["https:\/\/lehotsky.eu\/"]}]},{"@type":"BreadcrumbList","@id":"https:\/\/lehotsky.eu\/#breadcrumb","itemListElement":[{"@type":"ListItem","position":1,"name":"Domovsk\u00e1 str\u00e1nka","item":"https:\/\/lehotsky.eu\/"},{"@type":"ListItem","position":2,"name":"o mne"}]},{"@type":"WebSite","@id":"https:\/\/lehotsky.eu\/#website","url":"https:\/\/lehotsky.eu\/","name":"lehotsky.eu","description":" ","potentialAction":[{"@type":"SearchAction","target":{"@type":"EntryPoint","urlTemplate":"https:\/\/lehotsky.eu\/?s={search_term_string}"},"query-input":{"@type":"PropertyValueSpecification","valueRequired":true,"valueName":"search_term_string"}}],"inLanguage":"sk-SK"}]}},"_links":{"self":[{"href":"https:\/\/lehotsky.eu\/index.php?rest_route=\/wp\/v2\/pages\/4","targetHints":{"allow":["GET"]}}],"collection":[{"href":"https:\/\/lehotsky.eu\/index.php?rest_route=\/wp\/v2\/pages"}],"about":[{"href":"https:\/\/lehotsky.eu\/index.php?rest_route=\/wp\/v2\/types\/page"}],"author":[{"embeddable":true,"href":"https:\/\/lehotsky.eu\/index.php?rest_route=\/wp\/v2\/users\/1"}],"replies":[{"embeddable":true,"href":"https:\/\/lehotsky.eu\/index.php?rest_route=%2Fwp%2Fv2%2Fcomments&post=4"}],"version-history":[{"count":5,"href":"https:\/\/lehotsky.eu\/index.php?rest_route=\/wp\/v2\/pages\/4\/revisions"}],"predecessor-version":[{"id":74,"href":"https:\/\/lehotsky.eu\/index.php?rest_route=\/wp\/v2\/pages\/4\/revisions\/74"}],"wp:attachment":[{"href":"https:\/\/lehotsky.eu\/index.php?rest_route=%2Fwp%2Fv2%2Fmedia&parent=4"}],"curies":[{"name":"wp","href":"https:\/\/api.w.org\/{rel}","templated":true}]}}